{"id":77,"date":"2023-02-13T13:28:47","date_gmt":"2023-02-13T18:28:47","guid":{"rendered":"https:\/\/marmolesstarstone.puma.dshosting.es\/?page_id=77"},"modified":"2026-05-02T13:28:45","modified_gmt":"2026-05-02T18:28:45","slug":"empresa","status":"publish","type":"page","link":"https:\/\/marmolesstarstone.com\/en\/empresa\/","title":{"rendered":"Company"},"content":{"rendered":"<p>[et_pb_section fb_built=\u00bb1&#8243; _builder_version=\u00bb4.27.6&#8243; _module_preset=\u00bbdefault\u00bb background_color=\u00bbrgba(255,255,255,0.09)\u00bb background_image=\u00bbhttps:\/\/marmolesstarstone.com\/wp-content\/uploads\/2026\/04\/image00076-scaled.jpeg\u00bb background_blend=\u00bboverlay\u00bb min_height=\u00bb262px\u00bb custom_margin=\u00bb||-61px|||\u00bb custom_padding=\u00bb0px||0px||false|false\u00bb global_colors_info=\u00bb{}\u00bb][et_pb_row use_custom_gutter=\u00bbon\u00bb gutter_width=\u00bb2&#8243; make_equal=\u00bbon\u00bb custom_padding_last_edited=\u00bbon|phone\u00bb _builder_version=\u00bb4.19.5&#8243; _module_preset=\u00bbdefault\u00bb width=\u00bb90%\u00bb width_tablet=\u00bb90%\u00bb width_phone=\u00bb90%\u00bb width_last_edited=\u00bbon|tablet\u00bb max_width=\u00bb1300px\u00bb max_width_tablet=\u00bb90%\u00bb max_width_phone=\u00bb90%\u00bb max_width_last_edited=\u00bbon|desktop\u00bb min_height=\u00bb362px\u00bb custom_margin=\u00bb|auto|1px|auto||\u00bb custom_padding=\u00bb0px||0px||true|false\u00bb custom_padding_tablet=\u00bb100px||100px||true|false\u00bb custom_padding_phone=\u00bb100px||100px||true|false\u00bb animation_style=\u00bbfade\u00bb animation_duration=\u00bb1500ms\u00bb animation_speed_curve=\u00bbease\u00bb global_colors_info=\u00bb{}\u00bb][et_pb_column type=\u00bb4_4&#8243; _builder_version=\u00bb4.16&#8243; _module_preset=\u00bbdefault\u00bb global_colors_info=\u00bb{}\u00bb][et_pb_text _builder_version=\u00bb4.21.0&#8243; _module_preset=\u00bbdefault\u00bb text_font=\u00bbPlus Jakarta Sans|||on|||||\u00bb text_text_color=\u00bb#3f3f3f\u00bb text_font_size=\u00bb48px\u00bb text_line_height=\u00bb1.5em\u00bb header_font=\u00bbPlus Jakarta Sans|||on|||||\u00bb header_text_align=\u00bbleft\u00bb header_text_color=\u00bb#3f3f3f\u00bb header_font_size=\u00bb48px\u00bb header_line_height=\u00bb1.5em\u00bb min_height=\u00bb107px\u00bb custom_margin=\u00bb157px||-67px|||\u00bb custom_padding=\u00bb122px||0px|||\u00bb header_font_size_tablet=\u00bb70px\u00bb header_font_size_phone=\u00bb40px\u00bb header_font_size_last_edited=\u00bbon|phone\u00bb global_colors_info=\u00bb{}\u00bb]<\/p>\n<h1><span style=\"color: #ffffff;\">EMPRESA<\/span><\/h1>\n<p>[\/et_pb_text][\/et_pb_column][\/et_pb_row][\/et_pb_section][et_pb_section fb_built=\u00bb1&#8243; _builder_version=\u00bb4.27.6&#8243; _module_preset=\u00bbdefault\u00bb background_color=\u00bbrgba(193,193,193,0)\u00bb background_image=\u00bbhttps:\/\/marmolesstarstone.es\/wp-content\/uploads\/2023\/02\/patron-marmol-imagen-01-1.jpg\u00bb background_repeat=\u00bbrepeat\u00bb min_height=\u00bb837.3px\u00bb custom_margin=\u00bb-3px||-138px|||\u00bb custom_padding=\u00bb73px|||||\u00bb locked=\u00bboff\u00bb global_colors_info=\u00bb{}\u00bb][et_pb_row column_structure=\u00bb3_5,2_5&#8243; make_equal=\u00bbon\u00bb _builder_version=\u00bb4.19.5&#8243; _module_preset=\u00bbdefault\u00bb custom_padding=\u00bb0px|||||\u00bb custom_css_main_element=\u00bbALIGN-ITEMS:CENTER\u00bb global_colors_info=\u00bb{}\u00bb][et_pb_column type=\u00bb3_5&#8243; _builder_version=\u00bb4.19.5&#8243; _module_preset=\u00bbdefault\u00bb global_colors_info=\u00bb{}\u00bb][et_pb_text _builder_version=\u00bb4.21.0&#8243; _module_preset=\u00bbdefault\u00bb header_font=\u00bbPlus Jakarta Sans|600|||||||\u00bb header_font_size=\u00bb32px\u00bb header_2_font=\u00bbPlus Jakarta Sans||||||||\u00bb min_height=\u00bb46px\u00bb custom_margin=\u00bb-56px|||||\u00bb custom_padding=\u00bb86px||0px|||\u00bb global_colors_info=\u00bb{}\u00bb]<\/p>\n<h2><span style=\"color: #000000;\">StarStone M\u00e1rmoles y Granitos SL<\/span><\/h2>\n<p>[\/et_pb_text][et_pb_text _builder_version=\u00bb4.19.5&#8243; _module_preset=\u00bbdefault\u00bb header_font=\u00bbPlus Jakarta Sans|600|||||||\u00bb header_2_font=\u00bbPlus Jakarta Sans||||||||\u00bb global_colors_info=\u00bb{}\u00bb]<\/p>\n<p class=\"p2\">En Starstone llevamos a\u00f1os trabajando la piedra con un objetivo claro: hacer que cada cocina tenga sentido en el d\u00eda a d\u00eda.<\/p>\n<p class=\"p2\">Buscamos un buen acabado, buscamos que funcione, que dure y que encaje contigo.<\/p>\n<p class=\"p2\">Somos especialistas en encimeras de cocina en Alicante, Murcia y alrededores, trabajando con materiales como porcel\u00e1nico, cuarzo y piedra natural. Cada proyecto pasa por nuestras manos desde el primer corte hasta la instalaci\u00f3n final.<\/p>\n<p class=\"p2\">Aqu\u00ed hay equipo, criterio y oficio.<\/p>\n<p class=\"p2\">\n<h2 class=\"p2\"><span class=\"s2\">C\u00f3mo trabajamos<\/span><\/h2>\n<p><span class=\"s2\"><\/span><\/p>\n<p class=\"p2\">Cada cocina es distinta, por eso no trabajamos con soluciones est\u00e1ndar.<\/p>\n<p class=\"p2\">Escuchamos lo que necesitas, analizamos el espacio y te asesoramos en la elecci\u00f3n del material, acabado y detalles t\u00e9cnicos.<\/p>\n<p class=\"p2\">Despu\u00e9s, lo llevamos a taller y cuidamos cada fase hasta la instalaci\u00f3n.Con un seguimiento real durante todo el proceso.<\/p>\n<p class=\"p2\">\n<h2 class=\"p2\">Nuestro equipo<\/h2>\n<p>&nbsp;<\/p>\n<p class=\"p2\">Detr\u00e1s de Starstone hay un equipo que combina experiencia en taller con visi\u00f3n pr\u00e1ctica en obra. Sabemos lo que funciona porque lo hacemos todos los d\u00edas. Desde el asesoramiento inicial hasta los instaladores, todos compartimos la misma idea: hacer bien el trabajo y que el cliente lo note desde el primer momento.<\/p>\n<p class=\"p1\">\n<h2 class=\"p2\">Materiales y acabados<\/h2>\n<p>&nbsp;<\/p>\n<p class=\"p2\">Trabajamos con primeras marcas y materiales de alta calidad: encimeras porcel\u00e1nicas, cuarzo compacto y piedra natural.<\/p>\n<p class=\"p2\">Te ayudamos a elegir no solo por est\u00e9tica, sino por uso real: resistencia, mantenimiento y durabilidad. Una encimera es donde pasa todo.<\/p>\n<p class=\"p2\">\n<p class=\"p1\"><span style=\"color: #333333; font-family: 'Plus Jakarta Sans', Helvetica, Arial, Lucida, sans-serif; font-size: 26px;\">D\u00f3nde estamos<\/span><\/p>\n<p class=\"p1\">Nuestro taller est\u00e1 en La Aparecida (Orihuela), desde donde trabajamos proyectos en toda la provincia de Alicante y Murcia. Puedes visitarnos, ver materiales y hablar directamente con nosotros.<\/p>\n<p class=\"p1\">\n<h2 class=\"p2\">Por qu\u00e9 elegir Starstone<\/h2>\n<p class=\"p2\">Porque cuidamos los detalles.Porque respondemos cuando hace falta.Y porque lo que instalamos tiene que estar a la altura de lo que prometemos.<\/p>\n<p>&nbsp;<\/p>\n<p class=\"p2\">\n<p class=\"p1\"><span style=\"color: #333333; font-family: 'Plus Jakarta Sans', Helvetica, Arial, Lucida, sans-serif; font-size: 26px;\"><\/span><\/p>\n<p class=\"p2\">\n<p class=\"p2\">\n<p>&nbsp;<\/p>\n<p>[\/et_pb_text][\/et_pb_column][et_pb_column type=\u00bb2_5&#8243; _builder_version=\u00bb4.19.5&#8243; _module_preset=\u00bbdefault\u00bb global_colors_info=\u00bb{}\u00bb][et_pb_image src=\u00bbhttps:\/\/marmolesstarstone.com\/wp-content\/uploads\/2025\/07\/DSC4116-rotated.jpg\u00bb alt=\u00bbm\u00e1rmol alicante\u00bb title_text=\u00bb_DSC4116&#8243; _builder_version=\u00bb4.27.6&#8243; _module_preset=\u00bbdefault\u00bb min_height=\u00bb1027.9px\u00bb custom_margin=\u00bb-131px|-116px||||\u00bb custom_padding=\u00bb|||0px||\u00bb global_colors_info=\u00bb{}\u00bb][\/et_pb_image][\/et_pb_column][\/et_pb_row][\/et_pb_section][et_pb_section fb_built=\u00bb1&#8243; _builder_version=\u00bb4.27.6&#8243; _module_preset=\u00bbdefault\u00bb background_color=\u00bbrgba(71,92,142,0.48)\u00bb background_image=\u00bbhttps:\/\/marmolesstarstone.com\/wp-content\/uploads\/2026\/04\/image00031-scaled.jpg\u00bb background_size=\u00bbcustom\u00bb background_position=\u00bbtop_right\u00bb background_blend=\u00bboverlay\u00bb global_colors_info=\u00bb{}\u00bb][et_pb_row _builder_version=\u00bb4.19.5&#8243; _module_preset=\u00bbdefault\u00bb global_colors_info=\u00bb{}\u00bb][et_pb_column type=\u00bb4_4&#8243; _builder_version=\u00bb4.19.5&#8243; _module_preset=\u00bbdefault\u00bb global_colors_info=\u00bb{}\u00bb][et_pb_text _builder_version=\u00bb4.19.5&#8243; _module_preset=\u00bbdefault\u00bb text_font=\u00bbPlus Jakarta Sans||||||||\u00bb text_font_size=\u00bb29px\u00bb text_line_height=\u00bb1.1em\u00bb text_orientation=\u00bbcenter\u00bb background_layout=\u00bbdark\u00bb global_colors_info=\u00bb{}\u00bb]La pasi\u00f3n nos acompa\u00f1a en cada m\u00ednimo detalle desde el primer momento que un cliente se pone en contacto con nosotros.[\/et_pb_text][\/et_pb_column][\/et_pb_row][\/et_pb_section][et_pb_section fb_built=\u00bb1&#8243; _builder_version=\u00bb4.19.5&#8243; _module_preset=\u00bbdefault\u00bb background_color=\u00bbrgba(255,255,255,0.62)\u00bb background_image=\u00bbhttps:\/\/marmolesstarstone.es\/wp-content\/uploads\/2023\/02\/patron-marmol-imagen-01-1.jpg\u00bb background_repeat=\u00bbrepeat\u00bb background_blend=\u00bboverlay\u00bb locked=\u00bboff\u00bb global_colors_info=\u00bb{}\u00bb][et_pb_row column_structure=\u00bb3_5,2_5&#8243; make_equal=\u00bbon\u00bb _builder_version=\u00bb4.19.5&#8243; _module_preset=\u00bbdefault\u00bb custom_padding=\u00bb0px|||||\u00bb custom_css_main_element=\u00bbALIGN-ITEMS:CENTER\u00bb global_colors_info=\u00bb{}\u00bb][et_pb_column type=\u00bb3_5&#8243; _builder_version=\u00bb4.19.5&#8243; _module_preset=\u00bbdefault\u00bb global_colors_info=\u00bb{}\u00bb][et_pb_text _builder_version=\u00bb4.19.5&#8243; _module_preset=\u00bbdefault\u00bb header_font=\u00bbPlus Jakarta Sans|600|||||||\u00bb header_2_font=\u00bbPlus Jakarta Sans||||||||\u00bb global_colors_info=\u00bb{}\u00bb]<\/p>\n<h1><strong>Llevamos a cabo un seguimiento exhaustivo desde la venta, la elaboraci\u00f3n y el montaje garantizando un servicio postventa de calidad.<\/strong><\/h1>\n<p><strong><\/strong><\/p>\n<p>Todo esto nos ha llevado en poco tiempo a ser una empresa de referencia en el sector en la Regi\u00f3n de Murcia y comunidad Valenciana, con proyecci\u00f3n en un futuro pr\u00f3ximo en otras comunidades.<\/p>\n<p>Particulares, carpinteros, arquitectos, dise\u00f1adores y constructores cuentan ya con nosotros para sus todos trabajos.<\/p>\n<p>[\/et_pb_text][et_pb_button button_url=\u00bb@ET-DC@eyJkeW5hbWljIjp0cnVlLCJjb250ZW50IjoicG9zdF9saW5rX3VybF9wYWdlIiwic2V0dGluZ3MiOnsicG9zdF9pZCI6Ijg3In19@\u00bb button_text=\u00bbCONT\u00c1CTANOS\u00bb button_alignment=\u00bbleft\u00bb _builder_version=\u00bb4.19.5&#8243; _dynamic_attributes=\u00bbbutton_url\u00bb _module_preset=\u00bbdefault\u00bb custom_button=\u00bbon\u00bb button_text_size=\u00bb16px\u00bb button_text_color=\u00bb#4470B3&#8243; locked=\u00bboff\u00bb global_colors_info=\u00bb{}\u00bb][\/et_pb_button][\/et_pb_column][et_pb_column type=\u00bb2_5&#8243; _builder_version=\u00bb4.19.5&#8243; _module_preset=\u00bbdefault\u00bb global_colors_info=\u00bb{}\u00bb][et_pb_image src=\u00bbhttps:\/\/marmolesstarstone.com\/wp-content\/uploads\/2026\/02\/PROCESO3.jpg\u00bb alt=\u00bbba\u00f1o de m\u00e1rmol en alicante\u00bb title_text=\u00bbPROCESO3&#8243; _builder_version=\u00bb4.27.6&#8243; _module_preset=\u00bbdefault\u00bb width=\u00bb84%\u00bb global_colors_info=\u00bb{}\u00bb][\/et_pb_image][\/et_pb_column][\/et_pb_row][\/et_pb_section]<\/p>\n","protected":false},"excerpt":{"rendered":"<p>EMPRESAStarStone M\u00e1rmoles y Granitos SLEn Starstone llevamos a\u00f1os trabajando la piedra con un objetivo claro: hacer que cada cocina tenga sentido en el d\u00eda a d\u00eda. Buscamos un buen acabado, buscamos que funcione, que dure y que encaje contigo. Somos especialistas en encimeras de cocina en Alicante, Murcia y alrededores, trabajando con materiales como porcel\u00e1nico, [&hellip;]<\/p>\n","protected":false},"author":1,"featured_media":0,"parent":0,"menu_order":2,"comment_status":"closed","ping_status":"closed","template":"","meta":{"_et_pb_use_builder":"on","_et_pb_old_content":"<!-- wp:divi\/placeholder \/-->","_et_gb_content_width":"","_joinchat":[],"footnotes":""},"class_list":["post-77","page","type-page","status-publish","hentry"],"yoast_head":"<!-- This site is optimized with the Yoast SEO plugin v27.3 - https:\/\/yoast.com\/product\/yoast-seo-wordpress\/ -->\n<title>Empresa - MARMOLES STARSTONE<\/title>\n<meta name=\"description\" content=\"En nuestra empresa contamos con una amplia experiencia en m\u00e1rmol. Contacta con nosotros y te informaremos\" \/>\n<meta name=\"robots\" content=\"index, follow, max-snippet:-1, max-image-preview:large, max-video-preview:-1\" \/>\n<link rel=\"canonical\" href=\"https:\/\/marmolesstarstone.com\/en\/empresa\/\" \/>\n<meta property=\"og:locale\" content=\"en_GB\" \/>\n<meta property=\"og:type\" content=\"article\" \/>\n<meta property=\"og:title\" content=\"Empresa - MARMOLES STARSTONE\" \/>\n<meta property=\"og:description\" content=\"En nuestra empresa contamos con una amplia experiencia en m\u00e1rmol. Contacta con nosotros y te informaremos\" \/>\n<meta property=\"og:url\" content=\"https:\/\/marmolesstarstone.com\/en\/empresa\/\" \/>\n<meta property=\"og:site_name\" content=\"MARMOLES STARSTONE\" \/>\n<meta property=\"article:modified_time\" content=\"2026-05-02T18:28:45+00:00\" \/>\n<meta name=\"twitter:card\" content=\"summary_large_image\" \/>\n<meta name=\"twitter:label1\" content=\"Estimated reading time\" \/>\n\t<meta name=\"twitter:data1\" content=\"2 minutes\" \/>\n<script type=\"application\/ld+json\" class=\"yoast-schema-graph\">{\"@context\":\"https:\\\/\\\/schema.org\",\"@graph\":[{\"@type\":\"WebPage\",\"@id\":\"https:\\\/\\\/marmolesstarstone.com\\\/empresa\\\/\",\"url\":\"https:\\\/\\\/marmolesstarstone.com\\\/empresa\\\/\",\"name\":\"Empresa - MARMOLES STARSTONE\",\"isPartOf\":{\"@id\":\"https:\\\/\\\/marmolesstarstone.com\\\/#website\"},\"datePublished\":\"2023-02-13T18:28:47+00:00\",\"dateModified\":\"2026-05-02T18:28:45+00:00\",\"description\":\"En nuestra empresa contamos con una amplia experiencia en m\u00e1rmol. Contacta con nosotros y te informaremos\",\"breadcrumb\":{\"@id\":\"https:\\\/\\\/marmolesstarstone.com\\\/empresa\\\/#breadcrumb\"},\"inLanguage\":\"en-GB\",\"potentialAction\":[{\"@type\":\"ReadAction\",\"target\":[\"https:\\\/\\\/marmolesstarstone.com\\\/empresa\\\/\"]}]},{\"@type\":\"BreadcrumbList\",\"@id\":\"https:\\\/\\\/marmolesstarstone.com\\\/empresa\\\/#breadcrumb\",\"itemListElement\":[{\"@type\":\"ListItem\",\"position\":1,\"name\":\"Portada\",\"item\":\"https:\\\/\\\/marmolesstarstone.com\\\/\"},{\"@type\":\"ListItem\",\"position\":2,\"name\":\"Empresa\"}]},{\"@type\":\"WebSite\",\"@id\":\"https:\\\/\\\/marmolesstarstone.com\\\/#website\",\"url\":\"https:\\\/\\\/marmolesstarstone.com\\\/\",\"name\":\"MARMOLES STARSTONE\",\"description\":\"M\u00c1RMOLES Y GRANITOS\",\"potentialAction\":[{\"@type\":\"SearchAction\",\"target\":{\"@type\":\"EntryPoint\",\"urlTemplate\":\"https:\\\/\\\/marmolesstarstone.com\\\/?s={search_term_string}\"},\"query-input\":{\"@type\":\"PropertyValueSpecification\",\"valueRequired\":true,\"valueName\":\"search_term_string\"}}],\"inLanguage\":\"en-GB\"}]}<\/script>\n<!-- \/ Yoast SEO plugin. -->","yoast_head_json":{"title":"Empresa - MARMOLES STARSTONE","description":"En nuestra empresa contamos con una amplia experiencia en m\u00e1rmol. Contacta con nosotros y te informaremos","robots":{"index":"index","follow":"follow","max-snippet":"max-snippet:-1","max-image-preview":"max-image-preview:large","max-video-preview":"max-video-preview:-1"},"canonical":"https:\/\/marmolesstarstone.com\/en\/empresa\/","og_locale":"en_GB","og_type":"article","og_title":"Empresa - MARMOLES STARSTONE","og_description":"En nuestra empresa contamos con una amplia experiencia en m\u00e1rmol. Contacta con nosotros y te informaremos","og_url":"https:\/\/marmolesstarstone.com\/en\/empresa\/","og_site_name":"MARMOLES STARSTONE","article_modified_time":"2026-05-02T18:28:45+00:00","twitter_card":"summary_large_image","twitter_misc":{"Estimated reading time":"2 minutes"},"schema":{"@context":"https:\/\/schema.org","@graph":[{"@type":"WebPage","@id":"https:\/\/marmolesstarstone.com\/empresa\/","url":"https:\/\/marmolesstarstone.com\/empresa\/","name":"Empresa - MARMOLES STARSTONE","isPartOf":{"@id":"https:\/\/marmolesstarstone.com\/#website"},"datePublished":"2023-02-13T18:28:47+00:00","dateModified":"2026-05-02T18:28:45+00:00","description":"En nuestra empresa contamos con una amplia experiencia en m\u00e1rmol. Contacta con nosotros y te informaremos","breadcrumb":{"@id":"https:\/\/marmolesstarstone.com\/empresa\/#breadcrumb"},"inLanguage":"en-GB","potentialAction":[{"@type":"ReadAction","target":["https:\/\/marmolesstarstone.com\/empresa\/"]}]},{"@type":"BreadcrumbList","@id":"https:\/\/marmolesstarstone.com\/empresa\/#breadcrumb","itemListElement":[{"@type":"ListItem","position":1,"name":"Portada","item":"https:\/\/marmolesstarstone.com\/"},{"@type":"ListItem","position":2,"name":"Empresa"}]},{"@type":"WebSite","@id":"https:\/\/marmolesstarstone.com\/#website","url":"https:\/\/marmolesstarstone.com\/","name":"MARMOLES STARSTONE","description":"M\u00c1RMOLES Y GRANITOS","potentialAction":[{"@type":"SearchAction","target":{"@type":"EntryPoint","urlTemplate":"https:\/\/marmolesstarstone.com\/?s={search_term_string}"},"query-input":{"@type":"PropertyValueSpecification","valueRequired":true,"valueName":"search_term_string"}}],"inLanguage":"en-GB"}]}},"_links":{"self":[{"href":"https:\/\/marmolesstarstone.com\/en\/wp-json\/wp\/v2\/pages\/77","targetHints":{"allow":["GET"]}}],"collection":[{"href":"https:\/\/marmolesstarstone.com\/en\/wp-json\/wp\/v2\/pages"}],"about":[{"href":"https:\/\/marmolesstarstone.com\/en\/wp-json\/wp\/v2\/types\/page"}],"author":[{"embeddable":true,"href":"https:\/\/marmolesstarstone.com\/en\/wp-json\/wp\/v2\/users\/1"}],"replies":[{"embeddable":true,"href":"https:\/\/marmolesstarstone.com\/en\/wp-json\/wp\/v2\/comments?post=77"}],"version-history":[{"count":19,"href":"https:\/\/marmolesstarstone.com\/en\/wp-json\/wp\/v2\/pages\/77\/revisions"}],"predecessor-version":[{"id":1064,"href":"https:\/\/marmolesstarstone.com\/en\/wp-json\/wp\/v2\/pages\/77\/revisions\/1064"}],"wp:attachment":[{"href":"https:\/\/marmolesstarstone.com\/en\/wp-json\/wp\/v2\/media?parent=77"}],"curies":[{"name":"wp","href":"https:\/\/api.w.org\/{rel}","templated":true}]}}